{"id":7,"date":"2017-01-19T21:49:48","date_gmt":"2017-01-19T21:49:48","guid":{"rendered":"http:\/\/www.abct.net\/?page_id=7"},"modified":"2020-01-04T22:34:50","modified_gmt":"2020-01-04T21:34:50","slug":"home","status":"publish","type":"page","link":"https:\/\/team99.dk\/da\/home\/","title":{"rendered":"Velg\u00f8renhed"},"content":{"rendered":"<h5>Vi vil gerne g\u00f8re verden til et bedre sted og for at deltage i dette rally, kr\u00e6ver det som minimum, at vi donerer 750\u20ac til velg\u00f8renhed. Men vi vil gerne indsamle og donere mere end dette, og derfor vil overskuddet udover de 750\u20ac efter rallyet blive delt mellem de to velg\u00f8renhedsorganisationer, som vi personligt har udvalgt.<\/h5>\n<div style=\"width: 49%; padding: 0px 10px 0px 0px; float: left; text-align: justify;\">\n<p><a href=\"http:\/\/redorangutangen.dk\"><img loading=\"lazy\" class=\"alignleft wp-image-296\" src=\"http:\/\/team99.dk\/wp-content\/uploads\/2018\/01\/STO-Logo-LockUp-HorizontalTagline-ORANGE-RGB-ENG2-300x104.png\" alt=\"\" width=\"350\" height=\"121\" srcset=\"https:\/\/team99.dk\/wp-content\/uploads\/2018\/01\/STO-Logo-LockUp-HorizontalTagline-ORANGE-RGB-ENG2-300x104.png 300w, https:\/\/team99.dk\/wp-content\/uploads\/2018\/01\/STO-Logo-LockUp-HorizontalTagline-ORANGE-RGB-ENG2-768x265.png 768w, https:\/\/team99.dk\/wp-content\/uploads\/2018\/01\/STO-Logo-LockUp-HorizontalTagline-ORANGE-RGB-ENG2-1024x354.png 1024w, https:\/\/team99.dk\/wp-content\/uploads\/2018\/01\/STO-Logo-LockUp-HorizontalTagline-ORANGE-RGB-ENG2.png 1111w\" sizes=\"(max-width: 350px) 100vw, 350px\" \/><\/a>Borneos orangutanger er kritisk truet fordi dens regnskovshjem ryddes.<br \/>\n<a href=\"http:\/\/redorangutangen.dk\"><strong>Red Orangutangen<\/strong><\/a> (partner med BOS Foundation) hj\u00e6lper n\u00f8dstedte orangutanger her og nu, og vi hj\u00e6lper med at bevare og genplante Borneos regnskov.<br \/>\nI 1999 grundlagde danskeren Lone Dr\u00f6scher-Nielsen verdens st\u00f8rste rehabiliteringscenter for orangutanger \u2013 Nyaru Menteng, og det er Red Orangutangens vision at videref\u00f8re hendes arbejde og hj\u00e6lpe orangutangerne. Omkring 500 orangutanger f\u00e5r hver dag hj\u00e6lp p\u00e5 centeret, og det har et redningshold, der tager ud og hj\u00e6lper orangutangunger som har mistet deres hjem i regnskoven eller som er blevet indfanget som k\u00e6ledyr.<\/p>\n<p><a href=\"http:\/\/redorangutangen.dk\/om-os\/index\"><img loading=\"lazy\" class=\"alignnone wp-image-298 size-full\" src=\"https:\/\/team99.dk\/wp-content\/uploads\/2018\/01\/mikoandfriends.jpg\" alt=\"\" width=\"600\" height=\"400\" srcset=\"https:\/\/team99.dk\/wp-content\/uploads\/2018\/01\/mikoandfriends.jpg 600w, https:\/\/team99.dk\/wp-content\/uploads\/2018\/01\/mikoandfriends-300x200.jpg 300w\" sizes=\"(max-width: 600px) 100vw, 600px\" \/><\/a><\/p>\n<p><a href=\"http:\/\/redorangutangen.dk\"><strong>Red Orangutangen<\/strong><\/a> mission er at redde og bevare orangutangen p\u00e5 Borneo samt at skabe national og international opm\u00e6rksomhed om de voldsomme \u00f8del\u00e6ggelser, der truer orangutangen og dens levesteder.<\/p>\n<p><img loading=\"lazy\" class=\"alignnone wp-image-885\" src=\"https:\/\/team99.dk\/wp-content\/uploads\/2019\/12\/Meryl-NM-skovskole-1-1-900x600-300x200.jpg\" alt=\"\" width=\"383\" height=\"255\" srcset=\"https:\/\/team99.dk\/wp-content\/uploads\/2019\/12\/Meryl-NM-skovskole-1-1-900x600-300x200.jpg 300w, https:\/\/team99.dk\/wp-content\/uploads\/2019\/12\/Meryl-NM-skovskole-1-1-900x600-768x512.jpg 768w, https:\/\/team99.dk\/wp-content\/uploads\/2019\/12\/Meryl-NM-skovskole-1-1-900x600.jpg 900w\" sizes=\"(max-width: 383px) 100vw, 383px\" \/><\/p>\n<\/div>\n<div style=\"width: 2%; padding: 0px 10px 0px 0px; float: left; text-align: justify;\">.<\/div>\n<div style=\"width: 49%; padding: 0px 10px 0px 0px; float: left; text-align: justify;\">\n<p><a href=\"https:\/\/dignity.dk\/\"><img loading=\"lazy\" class=\"alignnone wp-image-870 \" src=\"https:\/\/team99.dk\/wp-content\/uploads\/2019\/12\/DIGNITY-DK-logo-stor-til-posters-PowerPoints-o.l.-300x68.png\" alt=\"\" width=\"428\" height=\"97\" srcset=\"https:\/\/team99.dk\/wp-content\/uploads\/2019\/12\/DIGNITY-DK-logo-stor-til-posters-PowerPoints-o.l.-300x68.png 300w, https:\/\/team99.dk\/wp-content\/uploads\/2019\/12\/DIGNITY-DK-logo-stor-til-posters-PowerPoints-o.l.-1024x233.png 1024w, https:\/\/team99.dk\/wp-content\/uploads\/2019\/12\/DIGNITY-DK-logo-stor-til-posters-PowerPoints-o.l.-768x174.png 768w, https:\/\/team99.dk\/wp-content\/uploads\/2019\/12\/DIGNITY-DK-logo-stor-til-posters-PowerPoints-o.l.-1536x349.png 1536w, https:\/\/team99.dk\/wp-content\/uploads\/2019\/12\/DIGNITY-DK-logo-stor-til-posters-PowerPoints-o.l.-2048x465.png 2048w\" sizes=\"(max-width: 428px) 100vw, 428px\" \/><\/a><\/p>\n<p><strong><a href=\"https:\/\/dignity.dk\/\">DIGNITY<\/a><\/strong> er en dansk menneskerettighedsorganisation, som arbejder for en verden fri for tortur og organiseret vold, og som giver mennesker, der har v\u00e6ret udsat for tortur og deres familier den livsn\u00f8dvendige behandling.<\/p>\n<p><a href=\"https:\/\/dignity.dk\/en\/\"><strong>DIGNITY<\/strong><\/a> har hoveds\u00e6de i Danmark, men samarbejder med partnerorganisationer i omkring tyve lande.<br \/>\nVi blev grundlagt i 1982 af l\u00e6ge Inge Genefke. Som nogle af de f\u00f8rste satte vi fokus p\u00e5 behovet for specialiseret hj\u00e6lp til torturofre, og DIGNITY (eller Rehabiliterings- og Forskningscenter for Torturofre, som det hed dengang) blev s\u00e5ledes et af de f\u00f8rste torturrehabiliteringscentre i verden.<br \/>\n<img loading=\"lazy\" class=\"alignnone wp-image-915\" src=\"https:\/\/team99.dk\/wp-content\/uploads\/2019\/12\/flygtningefamilier_fattigdom-e1540217197558-300x188.jpg\" alt=\"\" width=\"416\" height=\"261\" srcset=\"https:\/\/team99.dk\/wp-content\/uploads\/2019\/12\/flygtningefamilier_fattigdom-e1540217197558-300x188.jpg 300w, https:\/\/team99.dk\/wp-content\/uploads\/2019\/12\/flygtningefamilier_fattigdom-e1540217197558-768x480.jpg 768w, https:\/\/team99.dk\/wp-content\/uploads\/2019\/12\/flygtningefamilier_fattigdom-e1540217197558.jpg 800w\" sizes=\"(max-width: 416px) 100vw, 416px\" \/><br \/>\nI dag arbejder vi b\u00e5de politisk, juridisk og sundhedsfagligt. Vi k\u00e6mper for en verden fri for tortur og giver torturofre den livsn\u00f8dvendige rehabilitering.<br \/>\nVi arbejder med og ud fra anerkendte, internationale menneskerettighedsstandarder og konventioner, blandt andet FN&#8217;s Konvention mod Tortur og anden Grusom, Umenneskelig eller Nedv\u00e6rdigende Behandling eller Straf, Istanbul-protokollen, Nelson Mandela-reglerne og Verdensm\u00e5lene for B\u00e6redygtig Udvikling.<\/p>\n<\/div>\n","protected":false},"excerpt":{"rendered":"<p>Vi vil gerne g\u00f8re verden til et bedre sted og for at deltage i dette rally, kr\u00e6ver det som minimum,<\/p>\n","protected":false},"author":2,"featured_media":0,"parent":0,"menu_order":1,"comment_status":"closed","ping_status":"closed","template":"","meta":[],"translation":{"provider":"WPGlobus","version":"2.8.2","language":"da","enabled_languages":["en","da","nl"],"languages":{"en":{"title":true,"content":true,"excerpt":false},"da":{"title":true,"content":true,"excerpt":false},"nl":{"title":true,"content":true,"excerpt":false}}},"_links":{"self":[{"href":"https:\/\/team99.dk\/da\/wp-json\/wp\/v2\/pages\/7"}],"collection":[{"href":"https:\/\/team99.dk\/da\/wp-json\/wp\/v2\/pages"}],"about":[{"href":"https:\/\/team99.dk\/da\/wp-json\/wp\/v2\/types\/page"}],"author":[{"embeddable":true,"href":"https:\/\/team99.dk\/da\/wp-json\/wp\/v2\/users\/2"}],"replies":[{"embeddable":true,"href":"https:\/\/team99.dk\/da\/wp-json\/wp\/v2\/comments?post=7"}],"version-history":[{"count":53,"href":"https:\/\/team99.dk\/da\/wp-json\/wp\/v2\/pages\/7\/revisions"}],"predecessor-version":[{"id":951,"href":"https:\/\/team99.dk\/da\/wp-json\/wp\/v2\/pages\/7\/revisions\/951"}],"wp:attachment":[{"href":"https:\/\/team99.dk\/da\/wp-json\/wp\/v2\/media?parent=7"}],"curies":[{"name":"wp","href":"https:\/\/api.w.org\/{rel}","templated":true}]}}